{"id":7,"date":"2021-04-01T02:46:02","date_gmt":"2021-04-01T02:46:02","guid":{"rendered":"https:\/\/tok-kontrol.rs\/?page_id=7"},"modified":"2026-03-23T22:29:46","modified_gmt":"2026-03-23T21:29:46","slug":"pocetna","status":"publish","type":"page","link":"https:\/\/tok-kontrol.rs\/sr\/","title":{"rendered":"Po\u010detna"},"content":{"rendered":"<div class=\"hero\">\n  <div class=\"container\">\n    <div class=\"row\">\n      <div class=\"col-12 col-md-10 col-lg-9\">\n        <h1 class=\"hero__heading\">\n          Privredno dru\u0161tvo za tehni\u010dka ispitivanja, analize i pru\u017eanje usluga        <\/h1>\n      <\/div>\n    <\/div> <!-- \/.row -->\n    <div class=\"row\">\n      <div class=\"col-12 col-sm-6 col-md-5 col-lg-4 col-xl-3 align-self-center\">\n        <a\n          href=\"#usluge\"\n          class=\"button button--red hero__cta\"\n        >\n          Na\u0161e usluge        <\/a>\n      <\/div>\n\n      <div class=\"col-12 col-sm-6 col-md-5 col-lg-4 col-xl-3 align-self-center\">\n        <a\n          href=\"https:\/\/tok-kontrol.rs\/sr\/dokumenta\/\"\n          class=\"hero__normal-link\"\n        >\n          <img loading=\"lazy\" decoding=\"async\"\n            src=\"https:\/\/tok-kontrol.rs\/wp-content\/themes\/tok_kontrol\/prod\/images\/svg\/triangle-right.svg\"\n            alt=\"right arrow\"\n            width=\"11\"\n            height=\"11\"\n          \/>\n          Dokumenta        <\/a>\n      <\/div> \n      <div class=\"col-12 col-sm-6 col-md-5 col-lg-4 col-xl-3 align-self-center\">\n        <a\n          href=\"https:\/\/tok-kontrol.rs\/wp-content\/uploads\/2026\/03\/zahtev-za-kontrolisanje.pdf\"\n          class=\"hero__normal-link\" target=\"_blank\"\n        >\n          <img loading=\"lazy\" decoding=\"async\"\n            src=\"https:\/\/tok-kontrol.rs\/wp-content\/themes\/tok_kontrol\/prod\/images\/svg\/triangle-right.svg\"\n            alt=\"right arrow\"\n            width=\"11\"\n            height=\"11\"\n          \/>\n          Zahtev za kontrolisanje        <\/a>\n      <\/div> <!-- \/.col-12 -->\n    <\/div> <!-- \/.row -->\n  <\/div> <!-- \/.container -->\n<\/div> <!-- \/.hero -->\n\n\n<div\n  class=\"usluge-pocetna\"\n  id=\"usluge\"\n>\n  <div class=\"container\">\n    <div class=\"row\">\n      <div class=\"col\">\n        <h2 class=\"usluge-pocetna__heading\">\n          Usluge        <\/h2>\n      <\/div>\n    <\/div> <!-- \/.row -->\n    <div class=\"row\">\n      <div class=\"col-12 col-md-6 col-lg-4 mb-3\">\n        <div class=\"usluge-pocetna__usluga\">\n          <img decoding=\"async\"\n            src=\"https:\/\/tok-kontrol.rs\/wp-content\/themes\/tok_kontrol\/prod\/images\/svg\/usluge-pocetna-1.svg\"\n            alt=\"Usluge imenovanog tela\"\n            class=\"usluge-pocetna__img\"\n            width=\"55\"\n            height=\"55\"\n            loading=\"eager\"\n          >\n\n          <p class=\"usluge-pocetna__text red-deco\">\n            Usluge imenovanog tela za ocenjivanje usagla\u0161enosti, pogodnosti za upotrebu i verifikaciju podsistema          <\/p>\n\n          <a\n            href=\"https:\/\/tok-kontrol.rs\/sr\/usluge-imenovanog-tela\/\"\n            class=\"usluge-pocetna__link button button--red\"\n          >\n            Detaljnije          <\/a>\n        <\/div> <!-- \/.usluge-pocetna__usluga -->\n      <\/div> <!-- \/.col -->\n\n      <div class=\"col-12 col-md-6 col-lg-4 mb-3\">\n        <div class=\"usluge-pocetna__usluga\">\n          <img decoding=\"async\"\n            src=\"https:\/\/tok-kontrol.rs\/wp-content\/themes\/tok_kontrol\/prod\/images\/svg\/usluge-pocetna-2.svg\"\n            alt=\"Usluge nezavisne ocene\"\n            class=\"usluge-pocetna__img\"\n            width=\"61\"\n            height=\"61\"\n            loading=\"eager\"\n          >\n\n          <p class=\"usluge-pocetna__text red-deco\">\n            Usluge nezavisne ocene pravilne primene zajedni\u010dke bezbednosne metode o proceni i oceni rizika i rezultata te primene          <\/p>\n\n          <a\n            href=\"https:\/\/tok-kontrol.rs\/sr\/usluge-nezavisne-ocene-pravilne-primene\/\"\n            class=\"usluge-pocetna__link button button--red\"\n          >\n            Detaljnije          <\/a>\n        <\/div> <!-- \/.usluge-pocetna__usluga -->\n      <\/div> <!-- \/.col -->\n\n      <div class=\"col-12 col-md-6 col-lg-4 mb-3\">\n        <div class=\"usluge-pocetna__usluga\">\n          <img decoding=\"async\"\n            src=\"https:\/\/tok-kontrol.rs\/wp-content\/themes\/tok_kontrol\/prod\/images\/svg\/usluge-pocetna-3.svg\"\n            alt=\"Ostale usluge\"\n            class=\"usluge-pocetna__img\"\n            width=\"63\"\n            height=\"59\"\n            loading=\"eager\"\n          >\n\n          <p class=\"usluge-pocetna__text red-deco\">\n            Ostale usluge Privrednog dru\u0161tva za tehni\u010dka ispitivanja, analize i pru\u017eanje usluga TOK-KONTROL doo Novi Sad           <\/p>\n\n          <a\n            href=\"https:\/\/tok-kontrol.rs\/sr\/ostale-usluge\/\"\n            class=\"usluge-pocetna__link button button--red\"\n          >\n            Detaljnije          <\/a>\n        <\/div> <!-- \/.usluge-pocetna__usluga -->\n      <\/div> <!-- \/.col -->\n    <\/div> <!-- \/.row -->\n  <\/div> <!-- \/.container -->\n<\/div> <!-- \/.usluge-pocetna -->\n\n\n<section class=\"o-nama-front\">\n  <div class=\"container\">\n    <div class=\"row align-items-center o-nama-front__row\">\n      <div class=\"col-12 col-lg-6\">\n        <div class=\"o-nama-front__left\">\n          <h2 class=\"o-nama-front__heading\">\n            O nama          <\/h2>\n\n          <p>Predmet poslovanja, odnosno osnovna delatnost TOK-KONTROL doo su tehni\u010dka ispitivanja i analize kroz pru\u017eanje usluga u oblasti kontrolisanja kroz imenovanje i ovla\u0161\u0107enje koje TOK-KONTROL doo poseduje.<\/p>\n        <\/div>\n      <\/div>\n      <div class=\"col-12 col-lg-6\">\n        <div class=\"o-nama-front__right\">\n          <p>Kao imenovano telo TOK-KONTROL doo vr\u0161i ocenjivanje usagla\u0161enosti i pogodnosti za upotrebu elemenata strukturnih podsistema i verifikaciju strukturnih podsistema u skladu sa nacionalnim \u017eelezni\u010dkim tehni\u010dkim propisima, za:<br \/>\n\u2219 Infrastrukturu;<br \/>\n\u2219 Kontrolu, upravljanje i signalizaciju \u2013 pru\u017eni deo;<br \/>\n\u2219 \u017delezni\u010dka vozila \u2013 teretna kola <\/p>\n<p>Kao ovla\u0161\u0107eno telo TOK-KONTROL doo sprovodi nezavisnu ocenu pravilne primene Zajedni\u010dke bezbednosne metode o proceni i oceni rizika i rezultata te primene, u slu\u010daju bilo kakve zna\u010dajne promene u \u017eelezni\u010dkom sistemu koja mo\u017ee imati uticaja na bezbednost \u017eelezni\u010dkog saobra\u0107aja. <\/p>\n\n          <a\n            href=\"https:\/\/tok-kontrol.rs\/sr\/o-nama\/\"\n            class=\"o-nama-front__link button button--red\"\n          >\n            Saznaj vi\u0161e          <\/a>\n        <\/div>\n      <\/div>\n    <\/div>\n  <\/div>\n<\/section>","protected":false},"excerpt":{"rendered":"","protected":false},"author":3,"featured_media":0,"parent":0,"menu_order":0,"comment_status":"closed","ping_status":"closed","template":"","meta":{"footnotes":""},"class_list":["post-7","page","type-page","status-publish","hentry"],"_links":{"self":[{"href":"https:\/\/tok-kontrol.rs\/sr\/wp-json\/wp\/v2\/pages\/7","targetHints":{"allow":["GET"]}}],"collection":[{"href":"https:\/\/tok-kontrol.rs\/sr\/wp-json\/wp\/v2\/pages"}],"about":[{"href":"https:\/\/tok-kontrol.rs\/sr\/wp-json\/wp\/v2\/types\/page"}],"author":[{"embeddable":true,"href":"https:\/\/tok-kontrol.rs\/sr\/wp-json\/wp\/v2\/users\/3"}],"replies":[{"embeddable":true,"href":"https:\/\/tok-kontrol.rs\/sr\/wp-json\/wp\/v2\/comments?post=7"}],"version-history":[{"count":23,"href":"https:\/\/tok-kontrol.rs\/sr\/wp-json\/wp\/v2\/pages\/7\/revisions"}],"predecessor-version":[{"id":659,"href":"https:\/\/tok-kontrol.rs\/sr\/wp-json\/wp\/v2\/pages\/7\/revisions\/659"}],"wp:attachment":[{"href":"https:\/\/tok-kontrol.rs\/sr\/wp-json\/wp\/v2\/media?parent=7"}],"curies":[{"name":"wp","href":"https:\/\/api.w.org\/{rel}","templated":true}]}}