{"id":367,"date":"2021-05-15T08:33:11","date_gmt":"2021-05-15T06:33:11","guid":{"rendered":"https:\/\/tok-kontrol.rs\/?page_id=367"},"modified":"2021-05-16T21:16:51","modified_gmt":"2021-05-16T19:16:51","slug":"podsistem-zeleznicka-vozila-teretna-kola","status":"publish","type":"page","link":"https:\/\/tok-kontrol.rs\/sr\/usluge-imenovanog-tela\/ocenjivanje-pogodnosti-za-upotrebu-elemenata\/podsistem-zeleznicka-vozila-teretna-kola\/","title":{"rendered":"Usluge"},"content":{"rendered":"<h3 class=\"has-huge-font-size wp-block-heading\"><strong>Podsistem \u017eelezni\u010dka vozila \u2013 teretna kola<\/strong><\/h3>\n\n\n\n<p><strong>Modul koji se mo\u017ee primeniti za ocenu pogodnosti za upotrebu elemenata strukturnog podsistema:<\/strong><\/p>\n\n\n<div class=\"table-wrap\">\n<table id=\"tablepress-9\" class=\"tablepress tablepress-id-9 tbody-has-connected-cells\">\n<thead>\n<tr class=\"row-1\">\n\t<th class=\"column-1\">Proizvod<\/th><th class=\"column-2\">Modul<\/th><th class=\"column-3\">Naziv modula<\/th>\n<\/tr>\n<\/thead>\n<tbody>\n<tr class=\"row-2\">\n\t<td class=\"column-1\">Tr\u010de\u0107i stroj<\/td><td rowspan=\"2\" class=\"column-2\">\u0421V<\/td><td rowspan=\"2\" class=\"column-3\">Validacija tipa na osnovu ispitivanja u eksploataciji<br \/>\n(pogodnost za upotrebu)<\/td>\n<\/tr>\n<tr class=\"row-3\">\n\t<td class=\"column-1\">Osovinski sklop<\/td>\n<\/tr>\n<\/tbody>\n<\/table>\n<\/div>\n\n\n\n<p>Vrati se na <a href=\"https:\/\/tok-kontrol.rs\/sr\/usluge-imenovanog-tela\/ocenjivanje-pogodnosti-za-upotrebu-elemenata\/\">ocenjivanje pogodnosti za upotrebu elemenata strukturnih podsistema prema nacionalnim \u017eelezni\u010dkim tehni\u010dkim propisima.<\/a>.<\/p>","protected":false},"excerpt":{"rendered":"<p>\u041f\u043e\u0434\u0441\u0438\u0441\u0442\u0435\u043c \u0436\u0435\u043b\u0435\u0437\u043d\u0438\u0447\u043a\u0430 \u0432\u043e\u0437\u0438\u043b\u0430 &#8211; \u0442\u0435\u0440\u0435\u0442\u043d\u0430 \u043a\u043e\u043b\u0430 \u041c\u043e\u0434\u0443\u043b \u043a\u043e\u0458\u0438 \u0441\u0435 \u043c\u043e\u0436\u0435 \u043f\u0440\u0438\u043c\u0435\u043d\u0438\u0442\u0438 \u0437\u0430 \u043e\u0446\u0435\u043d\u0443 \u043f\u043e\u0433\u043e\u0434\u043d\u043e\u0441\u0442\u0438 \u0437\u0430 \u0443\u043f\u043e\u0442\u0440\u0435\u0431\u0443 \u0435\u043b\u0435\u043c\u0435\u043d\u0430\u0442\u0430 \u0441\u0442\u0440\u0443\u043a\u0442\u0443\u0440\u043d\u043e\u0433 \u043f\u043e\u0434\u0441\u0438\u0441\u0442\u0435\u043c\u0430: \u0412\u0440\u0430\u0442\u0438 \u0441\u0435 \u043d\u0430 \u043e\u0446\u0435\u045a\u0438\u0432\u0430\u045a\u0435 \u043f\u043e\u0433\u043e\u0434\u043d\u043e\u0441\u0442\u0438 \u0437\u0430 \u0443\u043f\u043e\u0442\u0440\u0435\u0431\u0443 \u0435\u043b\u0435\u043c\u0435\u043d\u0430\u0442\u0430 \u0441\u0442\u0440\u0443\u043a\u0442\u0443\u0440\u043d\u0438\u0445 \u043f\u043e\u0434\u0441\u0438\u0441\u0442\u0435\u043c\u0430 \u043f\u0440\u0435\u043c\u0430 \u043d\u0430\u0446\u0438\u043e\u043d\u0430\u043b\u043d\u0438\u043c \u0436\u0435\u043b\u0435\u0437\u043d\u0438\u0447\u043a\u0438\u043c \u0442\u0435\u0445\u043d\u0438\u0447\u043a\u0438\u043c \u043f\u0440\u043e\u043f\u0438\u0441\u0438\u043c\u0430.<\/p>","protected":false},"author":3,"featured_media":0,"parent":125,"menu_order":3,"comment_status":"closed","ping_status":"closed","template":"","meta":{"footnotes":""},"class_list":["post-367","page","type-page","status-publish","hentry"],"_links":{"self":[{"href":"https:\/\/tok-kontrol.rs\/sr\/wp-json\/wp\/v2\/pages\/367","targetHints":{"allow":["GET"]}}],"collection":[{"href":"https:\/\/tok-kontrol.rs\/sr\/wp-json\/wp\/v2\/pages"}],"about":[{"href":"https:\/\/tok-kontrol.rs\/sr\/wp-json\/wp\/v2\/types\/page"}],"author":[{"embeddable":true,"href":"https:\/\/tok-kontrol.rs\/sr\/wp-json\/wp\/v2\/users\/3"}],"replies":[{"embeddable":true,"href":"https:\/\/tok-kontrol.rs\/sr\/wp-json\/wp\/v2\/comments?post=367"}],"version-history":[{"count":10,"href":"https:\/\/tok-kontrol.rs\/sr\/wp-json\/wp\/v2\/pages\/367\/revisions"}],"predecessor-version":[{"id":441,"href":"https:\/\/tok-kontrol.rs\/sr\/wp-json\/wp\/v2\/pages\/367\/revisions\/441"}],"up":[{"embeddable":true,"href":"https:\/\/tok-kontrol.rs\/sr\/wp-json\/wp\/v2\/pages\/125"}],"wp:attachment":[{"href":"https:\/\/tok-kontrol.rs\/sr\/wp-json\/wp\/v2\/media?parent=367"}],"curies":[{"name":"wp","href":"https:\/\/api.w.org\/{rel}","templated":true}]}}