{"id":13,"date":"2021-04-01T23:32:12","date_gmt":"2021-04-01T23:32:12","guid":{"rendered":"https:\/\/tok-kontrol.rs\/?page_id=13"},"modified":"2022-07-11T08:42:48","modified_gmt":"2022-07-11T06:42:48","slug":"o-nama","status":"publish","type":"page","link":"https:\/\/tok-kontrol.rs\/sr\/o-nama\/","title":{"rendered":"O nama"},"content":{"rendered":"<h3 class=\"wp-block-heading\">Predmet poslovanja, odnosno osnovna delatnost TOK-KONTROL doo, su tehni\u010dka ispitivanja i analize u oblasti kontrolisanja kroz imenovanje i ovla\u0161\u0107enje koje TOK-KONTROL doo poseduje.<\/h3>\n\n\n<div class=\"o-nama\">\n  <div class=\"row align-items-center\">\n    <div class=\"col-12 col-lg-6 o-nama__left\">\n      <img loading=\"lazy\" decoding=\"async\"\n        src=\"https:\/\/tok-kontrol.rs\/wp-content\/uploads\/2021\/04\/semafori-square.jpg\"\n        alt=\"Signali pored pruge\"\n        width=\"526\"\n        height=\"497\"\n      \/>\n    <\/div><!-- \/.col -->\n    <div class=\"col-12 col-lg-6 o-nama__right\">\n      <p>Kao imenovano telo TOK-KONTROL doo vr\u0161i ocenjivanje usagla\u0161enosti i pogodnosti za upotrebu elemenata strukturnih podsistema i verifikaciju strukturnih podsistema u skladu sa nacionalnim \u017eelezni\u010dkim tehni\u010dkim propisima, za:<br \/>\n\u2219 Infrastrukturu;<br \/>\n\u2219 Kontrolu, upravljanje i signalizacija \u2013 pru\u017eni deo;<br \/>\n\u2219 \u017delezni\u010dka vozila \u2013 teretna kola. <\/p>\n<p>Kao ovla\u0161\u0107eno telo TOK-KONTROL doo sprovodi nezavisnu ocenu pravilne primene zajedni\u010dke bezbednosne metode o proceni i oceni rizika i rezultata te primene, u slu\u010daju bilo kakve zna\u010dajne promene u \u017eelezni\u010dkom sistemu koja mo\u017ee imati uticaja na bezbednost \u017eelezni\u010dkog saobra\u0107aja.<br \/>\n   \u2013 infrastrukturu,<br \/>\n   \u2013 energiju,<br \/>\n   \u2013 kontrolu, upravljanje i signalizaciju,<br \/>\n   \u2013 vozna sredstva,<br \/>\n   \u2013 regulisanje i upravljanje saobra\u0107ajem,<br \/>\n   \u2013 odr\u017eavanjem,<br \/>\n   \u2013 telematske aplikacije za prevoz putnika i robe. <\/p>\n    <\/div><!-- \/.col -->\n  <\/div> <!-- \/.row-->\n<\/div><!-- \/.o-nama -->\n\n\n<\/div><!-- \/.container --><div class=\"tamna-pozadina\">\n  <div class=\"container\">\n    <div class=\"row\">\n      <div class=\"col\">\n        <div class=\"tamna-pozadina__content\">\n          <p>TOK-KONTROL doo sprovodi sve aktivnosti kontrolisanja u skladu sa standardom SRPS ISO\/IEC 17020:2012, kao kontrolno telo Tip A i kao takvo kroz proces upravljanja kontrolisanjem, osigurava nepristrasnost i nezavisnost, po\u010dev\u0161i od procesa ugovaranja, anga\u017eovanja osoblja za realizaciju i u toku same realizacije. Poslovnik o kvalitetu, koji predstavlja i iskazuje Politiku o kvalitetu, defini\u0161e sistem menad\u017ementa i praksu TOK-KONTROL doo. Politika kvaliteta, TOK-KONTROL doo, zasnovana je na:<br \/>\n\u2013 Po\u0161tovanju zahteva korisnika,<br \/>\n\u2013 Po\u0161tovanju zahteva iz zakona, pravilnika, standarda, propisa, usvojenih<br \/>\n procedura i uputstava,<br \/>\n\u2013 Znanju, iskustvu i predanosti anga\u017eovanog osoblja koje se stalno<br \/>\nusavr\u0161ava,<br \/>\n\u2013 Kori\u0161\u0107enju ispravne i etalonirane opreme i merila,<br \/>\n\u2013 Kori\u0161\u0107enje propisa i dokazanih procedura za kontrolisanje.<\/p>\n        <\/div>\n      <\/div>\n    <\/div>\n  <\/div>\n<\/div>\n<div class=\"container\">\n\n\n<h2 class=\"wp-block-heading\">Stru\u010dnost<\/h2>\n\n\n\n<p>U realizaciji svoje delatnosti TOK-KONTROL doo raspola\u017ee respektabilnim kadrovskim kapacitetima sa referencama u podru\u010djima projektantsko-konstruktivnim, proizvodnim kao i u ugradnji i odr\u017eavanju opreme i sredstava.<\/p>\n\n\n\n<h2 class=\"wp-block-heading\">Organizaciona struktura<\/h2>\n\n\n\n<p>Pravilnikom o organizaciji i sistematizaciji poslova, utvr\u0111uje se organizaciona struktura, delatnost organizacionih celina, nazivi i opis poslova koji se obavljaju u organizaciji, posebni uslovi za rad na utvr\u0111enim poslovima. Globalnu organizacionu strukturu \u010dine slede\u0107e organizacione jedinice:<\/p>\n\n\n\n<p><\/p>\n\n\n\n<ol class=\"wp-block-list\"><li>Direktor<\/li><li>Sektor za kontrolisanje<\/li><\/ol>\n\n\n\n<p><strong>U okviru sektora za kontrolisanje predvi\u0111ena su slede\u0107a radna mesta<\/strong><\/p>\n\n\n\n<ul class=\"wp-block-list\"><li>Tehni\u010dki rukovodilac <\/li><li>Menad\u017eer sistema kvaliteta<\/li><\/ul>\n\n\n\n<p><strong>Podsistem infrastruktura:<\/strong><\/p>\n\n\n\n<ul class=\"wp-block-list\"><li>Vode\u0107i ocenjiva\u010d podsistem infrastruktura<\/li><li>Ocenjiva\u010d podsistem infrastruktura<\/li><\/ul>\n\n\n\n<p><strong>Podsistem kontrola, upravljanje i signalizacija:<\/strong><\/p>\n\n\n\n<ul class=\"wp-block-list\"><li>Vode\u0107i ocenjiva\u010d podsistem kontrola, upravljanje i signalizacija<\/li><li>Ocenjiva\u010d podsistem kontrola, upravljanje i signalizacija<\/li><\/ul>\n\n\n\n<p><strong>Podsistem \u017eelezni\u010dka vozila:<\/strong><\/p>\n\n\n\n<ul class=\"wp-block-list\"><li>Vode\u0107i ocenjiva\u010d podsistem \u017eelezni\u010dka vozila <\/li><li>Ocenjiva\u010d podsistem \u017eelezni\u010dka vozila<\/li><\/ul>\n\n\n\n<p><strong>Podsistem energija<\/strong><\/p>\n\n\n\n<ul class=\"wp-block-list\"><li>Vode\u0107i ocenjiva\u010d podsistem energija<\/li><\/ul>\n\n\n\n<p><\/p>\n\n\n\n<h2 class=\"wp-block-heading\">Prigovori i \u017ealbe<\/h2>\n\n\n\n<p>Prigovor ili \u017ealbu TOK-KONTROL doo mo\u017ee da izjavi korisnik usluge, Ministarstvo gra\u0111evinarstva, saobra\u0107aja i infrastrukture, Direkcija za \u017eeleznice, ovla\u0161\u0107eni zakonski predstavnik, itd. koji su nezadovoljni odlukom koju je doneo TOK-KONTROL doo i zahtevaju ponovno razmatranje iste.<\/p>\n\n\n\n<p>Sve \u017ealbe, prigovore i primedbe na rad, funkcionisanje ili rezultate procesa kontrolisanja moraju biti dostavljene TOK-KONTROL doo u pisanoj formi (po\u0161tom, faksom, mejlom), u slobodnoj formi ili na obrascu OB-04 <a href=\"https:\/\/tok-kontrol.rs\/wp-content\/uploads\/2021\/04\/Izjava-prigovora-zalbe.pdf\" target=\"_blank\" rel=\"noreferrer noopener\">(Preuzmi)<\/a> Izjava Prigovora\/\u017dalbe<\/p>\n\n\n\n<p>TOK-KONTROL doo sa svakom \u017ealbom ili prigovorom postupa u skladu sa Procedurom PR.09 <a href=\"https:\/\/tok-kontrol.rs\/wp-content\/uploads\/2021\/04\/Analiza-i-unapredjenje-usluga.pdf\">(Preuzmi)<\/a> \u2013 Analiza i unapre\u0111enje usluga.<\/p>\n\n\n\n<h2 class=\"wp-block-heading\">Bonitetna ocena<\/h2>\n\n\n\n<p>TOK-KONTROL doo ocenjen je bonitetnom ocenom A+ za 2021 godinu od strane https:\/\/www.companywall.rs\/<br>Serijski broj sertifikata CWB-21-31671 <a href=\"https:\/\/tok-kontrol.rs\/wp-content\/uploads\/2021\/12\/Bonitetna-ocena_20211105_0001.pdf\" target=\"_blank\" rel=\"noreferrer noopener\">(Pogledaj)<\/a><\/p>","protected":false},"excerpt":{"rendered":"<p>\u041f\u0440\u0435\u0434\u043c\u0435\u0442 \u043f\u043e\u0441\u043b\u043e\u0432\u0430\u045a\u0430, \u043e\u0434\u043d\u043e\u0441\u043d\u043e \u043e\u0441\u043d\u043e\u0432\u043d\u0430 \u0434\u0435\u043b\u0430\u0442\u043d\u043e\u0441\u0442 \u0422\u041e\u041a-\u041a\u041e\u041d\u0422\u0420\u041e\u041b \u0434\u043e\u043e, \u0441\u0443 \u0442\u0435\u0445\u043d\u0438\u0447\u043a\u0430 \u0438\u0441\u043f\u0438\u0442\u0438\u0432\u0430\u045a\u0430 \u0438 \u0430\u043d\u0430\u043b\u0438\u0437\u0435 \u0443 \u043e\u0431\u043b\u0430\u0441\u0442\u0438 \u043a\u043e\u043d\u0442\u0440\u043e\u043b\u0438\u0441\u0430\u045a\u0430 \u043a\u0440\u043e\u0437 \u0438\u043c\u0435\u043d\u043e\u0432\u0430\u045a\u0435 \u0438 \u043e\u0432\u043b\u0430\u0448\u045b\u0435\u045a\u0435 \u043a\u043e\u0458\u0435 \u0422\u041e\u041a-\u041a\u041e\u041d\u0422\u0420\u041e\u041b \u0434\u043e\u043e \u043f\u043e\u0441\u0435\u0434\u0443\u0458\u0435. \u0421\u0442\u0440\u0443\u0447\u043d\u043e\u0441\u0442 \u0423 \u0440\u0435\u0430\u043b\u0438\u0437\u0430\u0446\u0438\u0458\u0438 \u0441\u0432\u043e\u0458\u0435 \u0434\u0435\u043b\u0430\u0442\u043d\u043e\u0441\u0442\u0438 \u0422\u041e\u041a-\u041a\u041e\u041d\u0422\u0420\u041e\u041b \u0434\u043e\u043e \u0440\u0430\u0441\u043f\u043e\u043b\u0430\u0436\u0435 \u0440\u0435\u0441\u043f\u0435\u043a\u0442\u0430\u0431\u0438\u043b\u043d\u0438\u043c \u043a\u0430\u0434\u0440\u043e\u0432\u0441\u043a\u0438\u043c \u043a\u0430\u043f\u0430\u0446\u0438\u0442\u0435\u0442\u0438\u043c\u0430 \u0441\u0430 \u0440\u0435\u0444\u0435\u0440\u0435\u043d\u0446\u0430\u043c\u0430 \u0443 \u043f\u043e\u0434\u0440\u0443\u0447\u0458\u0438\u043c\u0430 \u043f\u0440\u043e\u0458\u0435\u043a\u0442\u0430\u043d\u0442\u0441\u043a\u043e-\u043a\u043e\u043d\u0441\u0442\u0440\u0443\u043a\u0442\u0438\u0432\u043d\u0438\u043c, \u043f\u0440\u043e\u0438\u0437\u0432\u043e\u0434\u043d\u0438\u043c \u043a\u0430\u043e \u0438 \u0443 \u0443\u0433\u0440\u0430\u0434\u045a\u0438 \u0438 \u043e\u0434\u0440\u0436\u0430\u0432\u0430\u045a\u0443 \u043e\u043f\u0440\u0435\u043c\u0435 \u0438 \u0441\u0440\u0435\u0434\u0441\u0442\u0430\u0432\u0430. \u041e\u0440\u0433\u0430\u043d\u0438\u0437\u0430\u0446\u0438\u043e\u043d\u0430 \u0441\u0442\u0440\u0443\u043a\u0442\u0443\u0440\u0430 \u041f\u0440\u0430\u0432\u0438\u043b\u043d\u0438\u043a\u043e\u043c \u043e \u043e\u0440\u0433\u0430\u043d\u0438\u0437\u0430\u0446\u0438\u0458\u0438 \u0438 [&hellip;]<\/p>","protected":false},"author":3,"featured_media":0,"parent":0,"menu_order":0,"comment_status":"closed","ping_status":"closed","template":"","meta":{"footnotes":""},"class_list":["post-13","page","type-page","status-publish","hentry"],"_links":{"self":[{"href":"https:\/\/tok-kontrol.rs\/sr\/wp-json\/wp\/v2\/pages\/13","targetHints":{"allow":["GET"]}}],"collection":[{"href":"https:\/\/tok-kontrol.rs\/sr\/wp-json\/wp\/v2\/pages"}],"about":[{"href":"https:\/\/tok-kontrol.rs\/sr\/wp-json\/wp\/v2\/types\/page"}],"author":[{"embeddable":true,"href":"https:\/\/tok-kontrol.rs\/sr\/wp-json\/wp\/v2\/users\/3"}],"replies":[{"embeddable":true,"href":"https:\/\/tok-kontrol.rs\/sr\/wp-json\/wp\/v2\/comments?post=13"}],"version-history":[{"count":35,"href":"https:\/\/tok-kontrol.rs\/sr\/wp-json\/wp\/v2\/pages\/13\/revisions"}],"predecessor-version":[{"id":586,"href":"https:\/\/tok-kontrol.rs\/sr\/wp-json\/wp\/v2\/pages\/13\/revisions\/586"}],"wp:attachment":[{"href":"https:\/\/tok-kontrol.rs\/sr\/wp-json\/wp\/v2\/media?parent=13"}],"curies":[{"name":"wp","href":"https:\/\/api.w.org\/{rel}","templated":true}]}}